{"id":250,"date":"2016-10-29T10:20:01","date_gmt":"2016-10-29T10:20:01","guid":{"rendered":"http:\/\/192.168.1.2:81\/presso\/?page_id=250"},"modified":"2026-01-19T21:09:46","modified_gmt":"2026-01-19T18:09:46","slug":"the-team","status":"publish","type":"page","link":"http:\/\/www.demirhalil.com\/?page_id=250","title":{"rendered":"Hakk\u0131mda"},"content":{"rendered":"<h4>Antalya&#8217;n\u0131n Finike \u0130l\u00e7esi&#8217;nde do\u011fdum. \u0130lk ve orta \u00f6\u011frenimimi Finike&#8217;de, lise e\u011fitimimi ise Antalya&#8217;da tamamlad\u0131m. \u00c7ukurova \u00dcniversitesi Ziraat Fak\u00fcltesi Bah\u00e7e Bitkileri B\u00f6l\u00fcm\u00fc&#8217;nden mezun oldum. Akdeniz \u00dcniversitesi Ziraat Fak\u00fcltesi&#8217;nde \u00f6\u011fretim \u00fcyesi olarak g\u00f6revime devam ediyorum.<br \/>\nAkademik \u00e7al\u0131\u015fmalar\u0131m\u0131n yan\u0131nda baz\u0131 gazete ve haber sitelerinde g\u00fcncel k\u00f6\u015fe yaz\u0131lar\u0131 ile d\u00fc\u015f\u00fcncelerimi payla\u015fmaya \u00e7al\u0131\u015f\u0131yorum.<\/h4>\n<p>[authors users=&#8217;author1,author2,author3,author4,author5,author6&#8242; layout=&#8217;grid-3&#8242;]<\/p>\n<div class=\"pvc_clear\"><\/div>\n<p id=\"pvc_stats_250\" class=\"pvc_stats all  \" data-element-id=\"250\" style=\"\"><i class=\"pvc-stats-icon medium\" aria-hidden=\"true\"><svg aria-hidden=\"true\" focusable=\"false\" data-prefix=\"far\" data-icon=\"chart-bar\" role=\"img\" xmlns=\"http:\/\/www.w3.org\/2000\/svg\" viewBox=\"0 0 512 512\" class=\"svg-inline--fa fa-chart-bar fa-w-16 fa-2x\"><path fill=\"currentColor\" d=\"M396.8 352h22.4c6.4 0 12.8-6.4 12.8-12.8V108.8c0-6.4-6.4-12.8-12.8-12.8h-22.4c-6.4 0-12.8 6.4-12.8 12.8v230.4c0 6.4 6.4 12.8 12.8 12.8zm-192 0h22.4c6.4 0 12.8-6.4 12.8-12.8V140.8c0-6.4-6.4-12.8-12.8-12.8h-22.4c-6.4 0-12.8 6.4-12.8 12.8v198.4c0 6.4 6.4 12.8 12.8 12.8zm96 0h22.4c6.4 0 12.8-6.4 12.8-12.8V204.8c0-6.4-6.4-12.8-12.8-12.8h-22.4c-6.4 0-12.8 6.4-12.8 12.8v134.4c0 6.4 6.4 12.8 12.8 12.8zM496 400H48V80c0-8.84-7.16-16-16-16H16C7.16 64 0 71.16 0 80v336c0 17.67 14.33 32 32 32h464c8.84 0 16-7.16 16-16v-16c0-8.84-7.16-16-16-16zm-387.2-48h22.4c6.4 0 12.8-6.4 12.8-12.8v-70.4c0-6.4-6.4-12.8-12.8-12.8h-22.4c-6.4 0-12.8 6.4-12.8 12.8v70.4c0 6.4 6.4 12.8 12.8 12.8z\" class=\"\"><\/path><\/svg><\/i> <img loading=\"lazy\" decoding=\"async\" width=\"16\" height=\"16\" alt=\"Loading\" src=\"http:\/\/www.demirhalil.com\/wp-content\/plugins\/page-views-count\/ajax-loader-2x.gif\" border=0 \/><\/p>\n<div class=\"pvc_clear\"><\/div>\n","protected":false},"excerpt":{"rendered":"<p>Antalya&#8217;n\u0131n Finike \u0130l\u00e7esi&#8217;nde do\u011fdum. \u0130lk ve orta \u00f6\u011frenimimi Finike&#8217;de, lise e\u011fitimimi ise Antalya&#8217;da tamamlad\u0131m. \u00c7ukurova \u00dcniversitesi Ziraat Fak\u00fcltesi Bah\u00e7e Bitkileri B\u00f6l\u00fcm\u00fc&#8217;nden mezun oldum. Akdeniz \u00dcniversitesi Ziraat Fak\u00fcltesi&#8217;nde \u00f6\u011fretim \u00fcyesi olarak &hellip; <a href=\"http:\/\/www.demirhalil.com\/?page_id=250\" class=\"more-link\">Read More<\/a><\/p>\n<div class=\"pvc_clear\"><\/div>\n<p id=\"pvc_stats_250\" class=\"pvc_stats all  \" data-element-id=\"250\" style=\"\"><i class=\"pvc-stats-icon medium\" aria-hidden=\"true\"><svg aria-hidden=\"true\" focusable=\"false\" data-prefix=\"far\" data-icon=\"chart-bar\" role=\"img\" xmlns=\"http:\/\/www.w3.org\/2000\/svg\" viewBox=\"0 0 512 512\" class=\"svg-inline--fa fa-chart-bar fa-w-16 fa-2x\"><path fill=\"currentColor\" d=\"M396.8 352h22.4c6.4 0 12.8-6.4 12.8-12.8V108.8c0-6.4-6.4-12.8-12.8-12.8h-22.4c-6.4 0-12.8 6.4-12.8 12.8v230.4c0 6.4 6.4 12.8 12.8 12.8zm-192 0h22.4c6.4 0 12.8-6.4 12.8-12.8V140.8c0-6.4-6.4-12.8-12.8-12.8h-22.4c-6.4 0-12.8 6.4-12.8 12.8v198.4c0 6.4 6.4 12.8 12.8 12.8zm96 0h22.4c6.4 0 12.8-6.4 12.8-12.8V204.8c0-6.4-6.4-12.8-12.8-12.8h-22.4c-6.4 0-12.8 6.4-12.8 12.8v134.4c0 6.4 6.4 12.8 12.8 12.8zM496 400H48V80c0-8.84-7.16-16-16-16H16C7.16 64 0 71.16 0 80v336c0 17.67 14.33 32 32 32h464c8.84 0 16-7.16 16-16v-16c0-8.84-7.16-16-16-16zm-387.2-48h22.4c6.4 0 12.8-6.4 12.8-12.8v-70.4c0-6.4-6.4-12.8-12.8-12.8h-22.4c-6.4 0-12.8 6.4-12.8 12.8v70.4c0 6.4 6.4 12.8 12.8 12.8z\" class=\"\"><\/path><\/svg><\/i> <img loading=\"lazy\" decoding=\"async\" width=\"16\" height=\"16\" alt=\"Loading\" src=\"http:\/\/www.demirhalil.com\/wp-content\/plugins\/page-views-count\/ajax-loader-2x.gif\" border=0 \/><\/p>\n<div class=\"pvc_clear\"><\/div>\n","protected":false},"author":1,"featured_media":0,"parent":0,"menu_order":0,"comment_status":"closed","ping_status":"closed","template":"","meta":{"footnotes":""},"class_list":["post-250","page","type-page","status-publish","hentry","entry"],"_links":{"self":[{"href":"http:\/\/www.demirhalil.com\/index.php?rest_route=\/wp\/v2\/pages\/250","targetHints":{"allow":["GET"]}}],"collection":[{"href":"http:\/\/www.demirhalil.com\/index.php?rest_route=\/wp\/v2\/pages"}],"about":[{"href":"http:\/\/www.demirhalil.com\/index.php?rest_route=\/wp\/v2\/types\/page"}],"author":[{"embeddable":true,"href":"http:\/\/www.demirhalil.com\/index.php?rest_route=\/wp\/v2\/users\/1"}],"replies":[{"embeddable":true,"href":"http:\/\/www.demirhalil.com\/index.php?rest_route=%2Fwp%2Fv2%2Fcomments&post=250"}],"version-history":[{"count":6,"href":"http:\/\/www.demirhalil.com\/index.php?rest_route=\/wp\/v2\/pages\/250\/revisions"}],"predecessor-version":[{"id":1628,"href":"http:\/\/www.demirhalil.com\/index.php?rest_route=\/wp\/v2\/pages\/250\/revisions\/1628"}],"wp:attachment":[{"href":"http:\/\/www.demirhalil.com\/index.php?rest_route=%2Fwp%2Fv2%2Fmedia&parent=250"}],"curies":[{"name":"wp","href":"https:\/\/api.w.org\/{rel}","templated":true}]}}