{"id":454,"date":"2016-11-03T03:44:16","date_gmt":"2016-11-03T03:44:16","guid":{"rendered":"http:\/\/192.168.1.2:81\/presso\/?page_id=454"},"modified":"2019-06-05T00:42:37","modified_gmt":"2019-06-04T21:42:37","slug":"shop","status":"publish","type":"page","link":"http:\/\/www.demirhalil.com\/?page_id=454","title":{"rendered":"\u00d6zge\u00e7mi\u015f"},"content":{"rendered":"\n<p><strong>1.Makaleler<\/strong><\/p>\n\n\n\n<p><strong>a) SCI,\nSCI\u2010Expanded, SSCI veya AHCI kapsam\u0131ndaki dergilerde yay\u0131mlanm\u0131\u015f makale <\/strong><\/p>\n\n\n\n<p><strong>1.\n<\/strong>S\u00f6nmez\n\u0130., Kalkan H., <strong>Demir H.,<\/strong> K\u00fclc\u00fc R., Yaldiz O., Kaplan M., 2017. Mineral\nComposition and Quality Parameters of Greenhouse-Grown Lettuce (<em>Lactuca\nsativa<\/em> L.) Depending on Fertilization with Agricultural Waste Composts.\nACTA SCIENTIARUM POLONORUM-HORTORUM CULTUS, vol.16(3), pp.85-95<\/p>\n\n\n\n<p><strong>2.<\/strong> Yilmaz E., S\u00f6nmez\n\u0130., <strong>Demir H., <\/strong>2014. Effects of Zeolite on Seedling Quality and Nutrient\nContents Of Cucumber Plant (<em>Cucumis sati<\/em>vus L. Cv. Mostar F1) Grown in\nDifferent Mixtures of Growing Media. COMMUNICATIONS IN SOIL SCIENCE AND PLANT\nANALYSIS, vol.45(21), pp.2767-2777.<\/p>\n\n\n\n<p><strong>3.\nDemir H<\/strong>.,\nPolat E., 2011. Effects of Broccoli-Crispy Salad Intercropping on Yield and\nQuality under Greenhouse Conditions. AFRICAN JOURNAL OF AGRICULTURAL RESEARCH,\nvol.6(17), pp.4116-4121.<\/p>\n\n\n\n<p><strong>4. <\/strong>Erler, F., Polat, E.,<strong> Demir, H., <\/strong>Catal, M. and Tuna, G., 2011<strong>. <\/strong>Control of Mushroom Sciarid Fly Lycoriella ingenua Populations With Insect Growth Regulators Applied by Soil Drench. <em>Journal <\/em><em>o<\/em><em>f Economic Entomology<\/em>, Vol. 104, no 3, 839-844.<\/p>\n\n\n\n<p><strong>5. Demir, H.,<\/strong> Polat, E.,\nS\u00f6nmez, \u0130., Y\u0131lmaz,E., 2010. <a href=\"http:\/\/www.world-food.net\/scientficjournal\/2010\/issue3\/pdf\/environment\/47.pdf\">Effects of different growing media on seedling quality\nand nutrient contents in pepper (<em>Capsicum annuum<\/em> L. var <em>longum<\/em>\ncv. Super Umut F<sub>1<\/sub>)<\/a>. Journal of Food, Agriculture &amp;\nEnvironment (JFAE), Vol. 8, Issue 3&amp;4, pages 894-897.<\/p>\n\n\n\n<p><strong>6. <\/strong>Sonmez I., Kaplan M., <strong>Demir H<\/strong>and\nYilmaz, E.,2010. <a href=\"http:\/\/apps.isiknowledge.com\/full_record.do?product=WOS&amp;search_mode=GeneralSearch&amp;qid=4&amp;SID=U2BjoE1ODeoalHBHdbN&amp;page=1&amp;doc=2\">Effects of zeolite on seedling quality and nutrient\ncontents of tomato plant (Solanum lycopersicon cv. Malike F1) grown in different\nmixtures of growing media<\/a>. <em>Journal of Food Agriculture &amp; Environment<\/em>, Volume:8, Issue:2, Pages:\n1162-1165.<\/p>\n\n\n\n<p><strong>Doktora \u00f6ncesi<\/strong><\/p>\n\n\n\n<p><strong>7. <\/strong>Erler, F., Polat,\nE., <strong>Demir, H.<\/strong>,\n\u00c7etin, H., Erdemir, T., 2009. <a href=\"http:\/\/apps.isiknowledge.com\/full_record.do?product=WOS&amp;search_mode=GeneralSearch&amp;qid=4&amp;SID=U2BjoE1ODeoalHBHdbN&amp;page=1&amp;doc=3\">Evaluation of Microbial Products for the Control of\nthe Mushroom Phorid Fly, Megaselia halterata (Wood)<\/a>. <em>Journal of Entomological Science<\/em>,\nVolume: 44, Issue: 2, Pages: 89-97.<\/p>\n\n\n\n<p><strong>8. <\/strong>Erler, F., Polat,\nE., <strong>Demir, H<\/strong>.,\n\u00c7etin, H., <a href=\"http:\/\/apps.isiknowledge.com\/DaisyOneClickSearch.do?product=WOS&amp;search_mode=DaisyOneClickSearch&amp;db_id=&amp;SID=U2BjoE1ODeoalHBHdbN&amp;name=Erdemir%20T&amp;ut=000262498600005&amp;pos=5\">Erdemir, T<\/a>., 2009. <a href=\"http:\/\/apps.isiknowledge.com\/full_record.do?product=WOS&amp;search_mode=GeneralSearch&amp;qid=4&amp;SID=U2BjoE1ODeoalHBHdbN&amp;page=1&amp;doc=4\">Control of the mushroom phorid fly, Megaselia\nhalterata (Wood), with plant extracts<\/a>. <em>Pest Management Science,<\/em>Volume: 65<strong>,\n<\/strong>Issue: 2, Pages: 144-149. <\/p>\n\n\n\n<p><strong>9. <\/strong>Polat, E., Erler,\nF., <strong>Demir H.<\/strong>,\n\u00c7etin, H., Erdemir, T., 2008. <a href=\"http:\/\/apps.isiknowledge.com\/full_record.do?product=WOS&amp;search_mode=GeneralSearch&amp;qid=4&amp;SID=U2BjoE1ODeoalHBHdbN&amp;page=1&amp;doc=5\">The Effect of Vegetable Materials on the Yield and\nProductivity of <em>Agaricus bisporus<\/em><\/a>.\n<em>Interciencia<\/em>, Volume:\n33, Issue: 10, Pages: 776-780.\n<\/p>\n\n\n\n<p><strong>10. <\/strong>Kaplan, M.,\nSonmez, S., Polat, E., <strong><a href=\"http:\/\/apps.isiknowledge.com\/DaisyOneClickSearch.do?product=WOS&amp;search_mode=DaisyOneClickSearch&amp;db_id=&amp;SID=U2BjoE1ODeoalHBHdbN&amp;name=Demir%20H&amp;ut=000259602300037&amp;pos=4\">Demir, H<\/a>.,<\/strong>\n2008. <a href=\"http:\/\/apps.isiknowledge.com\/full_record.do?product=WOS&amp;search_mode=GeneralSearch&amp;qid=4&amp;SID=U2BjoE1ODeoalHBHdbN&amp;page=1&amp;doc=6\">Effects of organic and mineral fertilizers on yield\nand nutritional status of lettuce<\/a>. <em>Asian Journal of Chemistry<\/em>, Volume<strong>: <\/strong>20, Issue: 3,\nPages: 1915-1926. <\/p>\n\n\n\n<p><strong>b) Di\u011fer\nuluslararas\u0131 hakemli dergilerde yay\u0131mlanm\u0131\u015f makale<\/strong><\/p>\n\n\n\n<p><strong>1. Demir, H. <\/strong>and Polat, E., 2014. Effects of different growing media on seedling\nquality and nutrient contents in cabbage (<em>Brassica oleraceae var. capitata<\/em>\nL.).<strong> <\/strong>Journal of Food,\nAgriculture &amp; Environment Vol.12 (2): 1378-1381.<\/p>\n\n\n\n<p><strong>2.<\/strong> Kaman H., Kurun\u00e7\nA., <strong>Demir H.,<\/strong> Tezcan A., Sayici A.,\nCan M. and G\u00f6k\u00e7en U., 2017. Salinity Change in Different Soil Layers of Tomato\nIrrigated with Salty Water. International Journal of Plant &amp; Soil Science,\n19(5): 1-6.<\/p>\n\n\n\n<p><strong>c) ULAKB\u0130M\ntaraf\u0131ndan taranan ulusal hakemli dergilerde yay\u0131mlanm\u0131\u015f makale<\/strong><\/p>\n\n\n\n<p>1<strong>. Demir, H.,<\/strong> 2017. The effects of spent mushroom compost on growth and nutrient\ncontents of pepper seedlings. MEDITERRANEAN AGRICULTURAL SCIENCES, 30(2):\n91-96.<\/p>\n\n\n\n<p><strong>2. Lisans\u00fcst\u00fc\nTezlerinden \u00dcretilmi\u015f Yay\u0131nlar <\/strong><\/p>\n\n\n\n<p><strong>a) SCI,\nSCI\u2010Expanded, SSCI veya AHCI kapsam\u0131ndaki dergilerde yay\u0131mlanm\u0131\u015f makale<\/strong><\/p>\n\n\n\n<p><strong>1. <\/strong>Polat, E., <strong>Demir, H.,<\/strong> Erler, F., 2010. <a href=\"http:\/\/apps.isiknowledge.com\/full_record.do?product=WOS&amp;search_mode=GeneralSearch&amp;qid=4&amp;SID=U2BjoE1ODeoalHBHdbN&amp;page=1&amp;doc=1\">Yield and quality criteria in organically and\nconventionally grown tomatoes in Turkey<\/a>. <em>Scientia Agricola<\/em>, 67(4), Pages:\n424-429. (TEZ)<\/p>\n\n\n\n<p><strong>2. <\/strong>Polat, E., <strong>Demir, H.<\/strong><strong>,<\/strong> Onus, A.N., 2008. <a href=\"http:\/\/apps.isiknowledge.com\/full_record.do?product=WOS&amp;search_mode=GeneralSearch&amp;qid=4&amp;SID=U2BjoE1ODeoalHBHdbN&amp;page=1&amp;doc=7\">Comparison of some yield and quality criteria in\norganically and conventionally-grown lettuce<\/a>. <em>African JournaL of Biotechnology<\/em>, Volume: 7, Issue: 9, Pages: 1235-1239.\n(TEZ)<\/p>\n\n\n\n<p><strong>b) Di\u011fer\nuluslararas\u0131 hakemli dergilerde yay\u0131mlanm\u0131\u015f makale<\/strong><\/p>\n\n\n\n<p><strong>1. Demir H.<\/strong> and Polat E., 2017. Sera ko\u015fullar\u0131nda domates-tere birlikte\nyeti\u015ftiricili\u011finin verim ve kaliteye etkisi. Akademik Ziraat Dergisi, Cilt:6,\n\u00d6zel Say\u0131:51-62. <\/p>\n\n\n\n<p><strong>d) Ulusal\nsempozyumda\/kongrede sunulmu\u015f ve tam metni bas\u0131lm\u0131\u015f alan\u0131nda bilime katk\u0131\nsa\u011flayan s\u00f6zl\u00fc bildir<\/strong><strong>i<\/strong><\/p>\n\n\n\n<p><strong>5. At\u0131flar<\/strong><\/p>\n\n\n\n<p>a) SCI, SCI\u2010Expanded, SSCI ve AHCI taraf\u0131ndan\ntaranan dergilerde; tan\u0131nm\u0131\u015f uluslararas\u0131 yay\u0131nevleri taraf\u0131ndan yay\u0131mlanm\u0131\u015f\nkitaplarda yay\u0131mlanan ve aday\u0131n yazar olarak yer almad\u0131\u011f\u0131 yay\u0131nlardan her\nbirinde, metin i\u00e7indeki at\u0131f say\u0131s\u0131na bak\u0131lmaks\u0131z\u0131n aday\u0131n at\u0131f yap\u0131lan her\neseri i\u00e7in<\/p>\n\n\n\n<p>b) SCI, SCI\u2010Expanded, SSCI ve AHCI d\u0131\u015f\u0131ndaki\nendeksler taraf\u0131ndan taranan dergilerde; tan\u0131nm\u0131\u015f uluslararas\u0131 yay\u0131nevleri\ntaraf\u0131ndan yay\u0131mlanm\u0131\u015f kitaplarda b\u00f6l\u00fcm yazar\u0131 olarak yay\u0131mlanan ve aday\u0131n\nyazar olarak yer almad\u0131\u011f\u0131 yay\u0131nlardan her birinde, metin i\u00e7indeki at\u0131f say\u0131s\u0131na\nbak\u0131lmaks\u0131z\u0131n aday\u0131n at\u0131f yap\u0131lan her eseri i\u00e7in<\/p>\n\n\n\n<p>c) Ulusal hakemli dergilerde; tan\u0131nm\u0131\u015f ulusal\nyay\u0131nevleri taraf\u0131ndan yay\u0131mlanm\u0131\u015f kitaplarda yay\u0131mlanan ve aday\u0131n yazar olarak\nyer almad\u0131\u011f\u0131 yay\u0131nlardan her birinde, metin i\u00e7indeki at\u0131f say\u0131s\u0131na\nbak\u0131lmaks\u0131z\u0131n aday\u0131n at\u0131f yap\u0131lan her eseri i\u00e7i<\/p>\n\n\n\n<p><strong>8. Bilimsel Toplant\u0131<\/strong><\/p>\n\n\n\n<p>a) Uluslararas\u0131 bilimsel toplant\u0131da sunulan ve bilim\nalan\u0131na katk\u0131 sa\u011flayan s\u00f6zl\u00fc bildiri<\/p>\n\n\n\n<p><strong>1.<\/strong> <strong>Demir H.,<\/strong> Sonmez I., Polat E., Torun\nM., 2017. Effects of Waste Cotton on Yield and Quality Features of Pleurotus\nostreatus. III.International Conference on Sustainable Development, Book of\nAbstracts, pp. 43, April 19-23, Sarajevo, Bosnia-Herzogovina.<\/p>\n\n\n\n<p><strong>2<\/strong>.\n<strong>Demir, H.<\/strong> and Polat, E. 2016. The\nEffect of Intercropping on Chlorophyll Content of Cress. International Congress\non Natural and Engineering Sciences, abstract book, pp. 19, September 01-05,\nSkopje, Macedonia.<\/p>\n\n\n\n<p><strong>3.<\/strong>\nKaman H., Kurun\u00e7 A., <strong>Demir H.,<\/strong>\nTezcan A., Sayici A., Can M., G\u00f6k\u00e7en U., 2017. Effects of different irrigation\nwater salinity levels on salt accumulation in plant root zone. International\nConference on Agriculture, Forest, Food Sciences and Technologies, Abstract\nProceeding Book of ICAFOF Conference, page 596, 15-17 May, Nev\u015fehir, Turkey. <\/p>\n\n\n\n<p><strong>4.\n<\/strong>Kaman,\nH., Kurunc A., <strong>Demir H.,<\/strong> Tezcan A.,\nSay\u0131c\u0131 A., Can M., G\u00f6k\u00e7en, U., 2017. Response of tomato plant to salty water. 2<sup>nd<\/sup>\nInternational Balkan Agriculture Congress, Book of Abstracts, page 622, 16-18\nMay\u0131s, Tekirda\u011f. <\/p>\n\n\n\n<p><strong>5.<\/strong>\nKaman H., Kurun\u00e7 A., <strong>Demir H.,<\/strong>\nTezcan A., Sayici A., Can M., G\u00f6k\u00e7en U., 2017. Sal\u0131nity Map of The Root Zone of\nTomato Plant Under Saltwater. 1<sup>st<\/sup> International Conference and 10<sup>th<\/sup>\nNational Horticultural Science Congress of Iran (IrHC2017). Abstract Book, Page\n120, September 4-7, TMU, Tehran-Iran.<\/p>\n\n\n\n<p><strong>6. <\/strong>Kaman H., Kurun\u00e7 A., Tezcan A., <strong>Demir H.,<\/strong> Sayici A., Can M., et\nal.,2016. Effect of Salty Irrigation Water on Plant Leaf Water Potential, 2<sup>nd\n<\/sup>International Agriculture Congress, 14-18 Kas\u0131m, pp.24-24, Belgrade,\nSIRBISTAN. <\/p>\n\n\n\n<p><strong>b)\nUlusal bilimsel toplant\u0131da sunulan ve bilim alan\u0131na katk\u0131 sa\u011flayan s\u00f6zl\u00fc bildiri<\/strong><\/p>\n\n\n\n<p><strong>1.<\/strong>\nS\u00f6nmez \u0130., Kalkan H., <strong>Demir H.,<\/strong> K\u00fclc\u00fc\nR., Kaplan M., Yaldiz O., 2016. Sera Bitki At\u0131klar\u0131, Kullan\u0131lm\u0131\u015f Kokopit ve\nAt\u0131k Mantar Kompostundan Elde Edilen Kompostlar\u0131n Topraklar\u0131n Besin \u0130\u00e7erikleri\n\u00dczerine Etkileri. 7. Ulusal Bitki Besleme Ve G\u00fcbre Kongresi, 12-15 Ekim 2016,\nss.21-28, ADANA, T\u00dcRKIYE.<\/p>\n\n\n\n<p><strong>2.<\/strong> <strong>Demir H.,<\/strong> Polat\nE., At\u0131lgan, H. 2017. Farkl\u0131 Organik G\u00fcbrelerin K\u0131v\u0131rc\u0131k Marulda Verim ve Baz\u0131\nKalite \u00d6zelliklerine Etkileri. 4. Ulusal Tar\u0131m Kongresi, sayfa 25, 19-22 Ekim,\nAfyon.<strong>3.<\/strong> Kaman,\nH., Kurun\u00e7 A., <strong>Demir H.,<\/strong> Tezcan A.,\nSay\u0131c\u0131 ., Can M., G\u00f6k\u00e7en U., 2017. Farkl\u0131 Sulama Suyu Tuzlulu\u011funun Domateste\nYaprak Alan\u0131 ve Kuru Madde \u00dczerine Etkileri. \u00d6zet Kitab\u0131, sayfa 27, 2.Ulusal\nBiyosistem M\u00fchendisli\u011fi Kongresi, 29 Haziran-1 Temmuz, TOKAT\n\n\n\non(){e.exp<\/p>\n<div class=\"pvc_clear\"><\/div><p id=\"pvc_stats_454\" class=\"pvc_stats all  \" data-element-id=\"454\" style=\"\"><i class=\"pvc-stats-icon medium\" aria-hidden=\"true\"><svg aria-hidden=\"true\" focusable=\"false\" data-prefix=\"far\" data-icon=\"chart-bar\" role=\"img\" xmlns=\"http:\/\/www.w3.org\/2000\/svg\" viewBox=\"0 0 512 512\" class=\"svg-inline--fa fa-chart-bar fa-w-16 fa-2x\"><path fill=\"currentColor\" d=\"M396.8 352h22.4c6.4 0 12.8-6.4 12.8-12.8V108.8c0-6.4-6.4-12.8-12.8-12.8h-22.4c-6.4 0-12.8 6.4-12.8 12.8v230.4c0 6.4 6.4 12.8 12.8 12.8zm-192 0h22.4c6.4 0 12.8-6.4 12.8-12.8V140.8c0-6.4-6.4-12.8-12.8-12.8h-22.4c-6.4 0-12.8 6.4-12.8 12.8v198.4c0 6.4 6.4 12.8 12.8 12.8zm96 0h22.4c6.4 0 12.8-6.4 12.8-12.8V204.8c0-6.4-6.4-12.8-12.8-12.8h-22.4c-6.4 0-12.8 6.4-12.8 12.8v134.4c0 6.4 6.4 12.8 12.8 12.8zM496 400H48V80c0-8.84-7.16-16-16-16H16C7.16 64 0 71.16 0 80v336c0 17.67 14.33 32 32 32h464c8.84 0 16-7.16 16-16v-16c0-8.84-7.16-16-16-16zm-387.2-48h22.4c6.4 0 12.8-6.4 12.8-12.8v-70.4c0-6.4-6.4-12.8-12.8-12.8h-22.4c-6.4 0-12.8 6.4-12.8 12.8v70.4c0 6.4 6.4 12.8 12.8 12.8z\" class=\"\"><\/path><\/svg><\/i> <img loading=\"lazy\" decoding=\"async\" width=\"16\" height=\"16\" alt=\"Loading\" src=\"http:\/\/www.demirhalil.com\/wp-content\/plugins\/page-views-count\/ajax-loader-2x.gif\" border=0 \/><\/p><div class=\"pvc_clear\"><\/div>","protected":false},"excerpt":{"rendered":"<p>1.Makaleler a) SCI, SCI\u2010Expanded, SSCI veya AHCI kapsam\u0131ndaki dergilerde yay\u0131mlanm\u0131\u015f makale 1. S\u00f6nmez \u0130., Kalkan H., Demir H., K\u00fclc\u00fc R., Yaldiz O., Kaplan M., 2017. Mineral Composition and Quality Parameters &hellip; <a href=\"http:\/\/www.demirhalil.com\/?page_id=454\" class=\"more-link\">Read More<\/a><\/p>\n<div class=\"pvc_clear\"><\/div>\n<p id=\"pvc_stats_454\" class=\"pvc_stats all  \" data-element-id=\"454\" style=\"\"><i class=\"pvc-stats-icon medium\" aria-hidden=\"true\"><svg aria-hidden=\"true\" focusable=\"false\" data-prefix=\"far\" data-icon=\"chart-bar\" role=\"img\" xmlns=\"http:\/\/www.w3.org\/2000\/svg\" viewBox=\"0 0 512 512\" class=\"svg-inline--fa fa-chart-bar fa-w-16 fa-2x\"><path fill=\"currentColor\" d=\"M396.8 352h22.4c6.4 0 12.8-6.4 12.8-12.8V108.8c0-6.4-6.4-12.8-12.8-12.8h-22.4c-6.4 0-12.8 6.4-12.8 12.8v230.4c0 6.4 6.4 12.8 12.8 12.8zm-192 0h22.4c6.4 0 12.8-6.4 12.8-12.8V140.8c0-6.4-6.4-12.8-12.8-12.8h-22.4c-6.4 0-12.8 6.4-12.8 12.8v198.4c0 6.4 6.4 12.8 12.8 12.8zm96 0h22.4c6.4 0 12.8-6.4 12.8-12.8V204.8c0-6.4-6.4-12.8-12.8-12.8h-22.4c-6.4 0-12.8 6.4-12.8 12.8v134.4c0 6.4 6.4 12.8 12.8 12.8zM496 400H48V80c0-8.84-7.16-16-16-16H16C7.16 64 0 71.16 0 80v336c0 17.67 14.33 32 32 32h464c8.84 0 16-7.16 16-16v-16c0-8.84-7.16-16-16-16zm-387.2-48h22.4c6.4 0 12.8-6.4 12.8-12.8v-70.4c0-6.4-6.4-12.8-12.8-12.8h-22.4c-6.4 0-12.8 6.4-12.8 12.8v70.4c0 6.4 6.4 12.8 12.8 12.8z\" class=\"\"><\/path><\/svg><\/i> <img loading=\"lazy\" decoding=\"async\" width=\"16\" height=\"16\" alt=\"Loading\" src=\"http:\/\/www.demirhalil.com\/wp-content\/plugins\/page-views-count\/ajax-loader-2x.gif\" border=0 \/><\/p>\n<div class=\"pvc_clear\"><\/div>\n","protected":false},"author":1,"featured_media":0,"parent":0,"menu_order":0,"comment_status":"closed","ping_status":"closed","template":"","meta":{"footnotes":""},"class_list":["post-454","page","type-page","status-publish","hentry","entry"],"_links":{"self":[{"href":"http:\/\/www.demirhalil.com\/index.php?rest_route=\/wp\/v2\/pages\/454","targetHints":{"allow":["GET"]}}],"collection":[{"href":"http:\/\/www.demirhalil.com\/index.php?rest_route=\/wp\/v2\/pages"}],"about":[{"href":"http:\/\/www.demirhalil.com\/index.php?rest_route=\/wp\/v2\/types\/page"}],"author":[{"embeddable":true,"href":"http:\/\/www.demirhalil.com\/index.php?rest_route=\/wp\/v2\/users\/1"}],"replies":[{"embeddable":true,"href":"http:\/\/www.demirhalil.com\/index.php?rest_route=%2Fwp%2Fv2%2Fcomments&post=454"}],"version-history":[{"count":11,"href":"http:\/\/www.demirhalil.com\/index.php?rest_route=\/wp\/v2\/pages\/454\/revisions"}],"predecessor-version":[{"id":843,"href":"http:\/\/www.demirhalil.com\/index.php?rest_route=\/wp\/v2\/pages\/454\/revisions\/843"}],"wp:attachment":[{"href":"http:\/\/www.demirhalil.com\/index.php?rest_route=%2Fwp%2Fv2%2Fmedia&parent=454"}],"curies":[{"name":"wp","href":"https:\/\/api.w.org\/{rel}","templated":true}]}}